{"id":1430,"date":"2021-02-15T13:54:16","date_gmt":"2021-02-15T12:54:16","guid":{"rendered":"https:\/\/www.kyu.fr\/?page_id=1430"},"modified":"2024-04-03T15:18:36","modified_gmt":"2024-04-03T13:18:36","slug":"contact","status":"publish","type":"page","link":"https:\/\/www.kyu.fr\/en\/contact\/","title":{"rendered":"Contact"},"content":{"rendered":"","protected":false},"excerpt":{"rendered":"","protected":false},"author":14,"featured_media":0,"parent":0,"menu_order":0,"comment_status":"closed","ping_status":"closed","template":"views\/template-contact.blade.php","meta":{"_acf_changed":false,"footnotes":""},"class_list":["post-1430","page","type-page","status-publish","hentry"],"acf":[],"yoast_head":"<!-- This site is optimized with the Yoast SEO plugin v27.2 - https:\/\/yoast.com\/product\/yoast-seo-wordpress\/ -->\n<title>Contactez-nous | KYU Associ\u00e9s<\/title>\n<meta name=\"description\" content=\"Contactez-nous ! KYU Associ\u00e9s, cabinet de conseil en Management, sp\u00e9cialis\u00e9 dans l&#039;Offre et l&#039;Exp\u00e9rience Client, les Op\u00e9rations et le Risk Management.\" \/>\n<meta name=\"robots\" content=\"index, follow, max-snippet:-1, max-image-preview:large, max-video-preview:-1\" \/>\n<link rel=\"canonical\" href=\"https:\/\/www.kyu.fr\/en\/contact\/\" \/>\n<meta property=\"og:locale\" content=\"en_US\" \/>\n<meta property=\"og:type\" content=\"article\" \/>\n<meta property=\"og:title\" content=\"Contactez-nous | KYU Associ\u00e9s\" \/>\n<meta property=\"og:description\" content=\"Contactez-nous ! KYU Associ\u00e9s, cabinet de conseil en Management, sp\u00e9cialis\u00e9 dans l&#039;Offre et l&#039;Exp\u00e9rience Client, les Op\u00e9rations et le Risk Management.\" \/>\n<meta property=\"og:url\" content=\"https:\/\/www.kyu.fr\/en\/contact\/\" \/>\n<meta property=\"og:site_name\" content=\"Kyu\" \/>\n<meta property=\"article:modified_time\" content=\"2024-04-03T13:18:36+00:00\" \/>\n<meta name=\"twitter:card\" content=\"summary_large_image\" \/>\n<script type=\"application\/ld+json\" class=\"yoast-schema-graph\">{\"@context\":\"https:\/\/schema.org\",\"@graph\":[{\"@type\":\"WebPage\",\"@id\":\"https:\/\/www.kyu.fr\/en\/contact\/\",\"url\":\"https:\/\/www.kyu.fr\/en\/contact\/\",\"name\":\"Contactez-nous | KYU Associ\u00e9s\",\"isPartOf\":{\"@id\":\"https:\/\/www.kyu.fr\/en\/#website\"},\"datePublished\":\"2021-02-15T12:54:16+00:00\",\"dateModified\":\"2024-04-03T13:18:36+00:00\",\"description\":\"Contactez-nous ! KYU Associ\u00e9s, cabinet de conseil en Management, sp\u00e9cialis\u00e9 dans l'Offre et l'Exp\u00e9rience Client, les Op\u00e9rations et le Risk Management.\",\"breadcrumb\":{\"@id\":\"https:\/\/www.kyu.fr\/en\/contact\/#breadcrumb\"},\"inLanguage\":\"en-US\",\"potentialAction\":[{\"@type\":\"ReadAction\",\"target\":[\"https:\/\/www.kyu.fr\/en\/contact\/\"]}]},{\"@type\":\"BreadcrumbList\",\"@id\":\"https:\/\/www.kyu.fr\/en\/contact\/#breadcrumb\",\"itemListElement\":[{\"@type\":\"ListItem\",\"position\":1,\"name\":\"Home\",\"item\":\"https:\/\/www.kyu.fr\/en\/\"},{\"@type\":\"ListItem\",\"position\":2,\"name\":\"Contact\"}]},{\"@type\":\"WebSite\",\"@id\":\"https:\/\/www.kyu.fr\/en\/#website\",\"url\":\"https:\/\/www.kyu.fr\/en\/\",\"name\":\"Kyu\",\"description\":\"\",\"publisher\":{\"@id\":\"https:\/\/www.kyu.fr\/en\/#organization\"},\"inLanguage\":\"en-US\"},{\"@type\":\"Organization\",\"@id\":\"https:\/\/www.kyu.fr\/en\/#organization\",\"name\":\"Kyu\",\"url\":\"https:\/\/www.kyu.fr\/en\/\",\"logo\":{\"@type\":\"ImageObject\",\"inLanguage\":\"en-US\",\"@id\":\"https:\/\/www.kyu.fr\/en\/#\/schema\/logo\/image\/\",\"url\":\"https:\/\/www.kyu.fr\/app\/uploads\/2021\/03\/logo-kyu-dark.png\",\"contentUrl\":\"https:\/\/www.kyu.fr\/app\/uploads\/2021\/03\/logo-kyu-dark.png\",\"width\":339,\"height\":132,\"caption\":\"Kyu\"},\"image\":{\"@id\":\"https:\/\/www.kyu.fr\/en\/#\/schema\/logo\/image\/\"}}]}<\/script>\n<!-- \/ Yoast SEO plugin. -->","yoast_head_json":{"title":"Contactez-nous | KYU Associ\u00e9s","description":"Contactez-nous ! KYU Associ\u00e9s, cabinet de conseil en Management, sp\u00e9cialis\u00e9 dans l'Offre et l'Exp\u00e9rience Client, les Op\u00e9rations et le Risk Management.","robots":{"index":"index","follow":"follow","max-snippet":"max-snippet:-1","max-image-preview":"max-image-preview:large","max-video-preview":"max-video-preview:-1"},"canonical":"https:\/\/www.kyu.fr\/en\/contact\/","og_locale":"en_US","og_type":"article","og_title":"Contactez-nous | KYU Associ\u00e9s","og_description":"Contactez-nous ! KYU Associ\u00e9s, cabinet de conseil en Management, sp\u00e9cialis\u00e9 dans l'Offre et l'Exp\u00e9rience Client, les Op\u00e9rations et le Risk Management.","og_url":"https:\/\/www.kyu.fr\/en\/contact\/","og_site_name":"Kyu","article_modified_time":"2024-04-03T13:18:36+00:00","twitter_card":"summary_large_image","schema":{"@context":"https:\/\/schema.org","@graph":[{"@type":"WebPage","@id":"https:\/\/www.kyu.fr\/en\/contact\/","url":"https:\/\/www.kyu.fr\/en\/contact\/","name":"Contactez-nous | KYU Associ\u00e9s","isPartOf":{"@id":"https:\/\/www.kyu.fr\/en\/#website"},"datePublished":"2021-02-15T12:54:16+00:00","dateModified":"2024-04-03T13:18:36+00:00","description":"Contactez-nous ! KYU Associ\u00e9s, cabinet de conseil en Management, sp\u00e9cialis\u00e9 dans l'Offre et l'Exp\u00e9rience Client, les Op\u00e9rations et le Risk Management.","breadcrumb":{"@id":"https:\/\/www.kyu.fr\/en\/contact\/#breadcrumb"},"inLanguage":"en-US","potentialAction":[{"@type":"ReadAction","target":["https:\/\/www.kyu.fr\/en\/contact\/"]}]},{"@type":"BreadcrumbList","@id":"https:\/\/www.kyu.fr\/en\/contact\/#breadcrumb","itemListElement":[{"@type":"ListItem","position":1,"name":"Home","item":"https:\/\/www.kyu.fr\/en\/"},{"@type":"ListItem","position":2,"name":"Contact"}]},{"@type":"WebSite","@id":"https:\/\/www.kyu.fr\/en\/#website","url":"https:\/\/www.kyu.fr\/en\/","name":"Kyu","description":"","publisher":{"@id":"https:\/\/www.kyu.fr\/en\/#organization"},"inLanguage":"en-US"},{"@type":"Organization","@id":"https:\/\/www.kyu.fr\/en\/#organization","name":"Kyu","url":"https:\/\/www.kyu.fr\/en\/","logo":{"@type":"ImageObject","inLanguage":"en-US","@id":"https:\/\/www.kyu.fr\/en\/#\/schema\/logo\/image\/","url":"https:\/\/www.kyu.fr\/app\/uploads\/2021\/03\/logo-kyu-dark.png","contentUrl":"https:\/\/www.kyu.fr\/app\/uploads\/2021\/03\/logo-kyu-dark.png","width":339,"height":132,"caption":"Kyu"},"image":{"@id":"https:\/\/www.kyu.fr\/en\/#\/schema\/logo\/image\/"}}]}},"_links":{"self":[{"href":"https:\/\/www.kyu.fr\/en\/wp-json\/wp\/v2\/pages\/1430","targetHints":{"allow":["GET"]}}],"collection":[{"href":"https:\/\/www.kyu.fr\/en\/wp-json\/wp\/v2\/pages"}],"about":[{"href":"https:\/\/www.kyu.fr\/en\/wp-json\/wp\/v2\/types\/page"}],"author":[{"embeddable":true,"href":"https:\/\/www.kyu.fr\/en\/wp-json\/wp\/v2\/users\/14"}],"replies":[{"embeddable":true,"href":"https:\/\/www.kyu.fr\/en\/wp-json\/wp\/v2\/comments?post=1430"}],"version-history":[{"count":6,"href":"https:\/\/www.kyu.fr\/en\/wp-json\/wp\/v2\/pages\/1430\/revisions"}],"predecessor-version":[{"id":5876,"href":"https:\/\/www.kyu.fr\/en\/wp-json\/wp\/v2\/pages\/1430\/revisions\/5876"}],"wp:attachment":[{"href":"https:\/\/www.kyu.fr\/en\/wp-json\/wp\/v2\/media?parent=1430"}],"curies":[{"name":"wp","href":"https:\/\/api.w.org\/{rel}","templated":true}]}}