{"id":350,"date":"2021-02-12T14:42:22","date_gmt":"2021-02-12T13:42:22","guid":{"rendered":"http:\/\/www.kyu.fr\/nos-valeurs\/"},"modified":"2026-01-23T16:28:30","modified_gmt":"2026-01-23T15:28:30","slug":"our-philosophy","status":"publish","type":"page","link":"https:\/\/www.kyu.fr\/en\/our-philosophy\/","title":{"rendered":"Our philosophy"},"content":{"rendered":"","protected":false},"excerpt":{"rendered":"","protected":false},"author":14,"featured_media":0,"parent":0,"menu_order":0,"comment_status":"closed","ping_status":"closed","template":"views\/template-values.blade.php","meta":{"_acf_changed":false,"footnotes":""},"class_list":["post-350","page","type-page","status-publish","hentry"],"acf":[],"yoast_head":"<!-- This site is optimized with the Yoast SEO plugin v27.2 - https:\/\/yoast.com\/product\/yoast-seo-wordpress\/ -->\n<title>Nos valeurs | KYU Associ\u00e9s<\/title>\n<meta name=\"description\" content=\"Cr\u00e9\u00e9 en 2002, KYU est un cabinet ind\u00e9pendant d\u00e9tenu par ses associ\u00e9s. Venez d\u00e9couvrir la philosophie de la soci\u00e9t\u00e9. Contactez-nous !\" \/>\n<meta name=\"robots\" content=\"index, follow, max-snippet:-1, max-image-preview:large, max-video-preview:-1\" \/>\n<link rel=\"canonical\" href=\"https:\/\/www.kyu.fr\/en\/our-philosophy\/\" \/>\n<meta property=\"og:locale\" content=\"en_US\" \/>\n<meta property=\"og:type\" content=\"article\" \/>\n<meta property=\"og:title\" content=\"Nos valeurs | KYU Associ\u00e9s\" \/>\n<meta property=\"og:description\" content=\"Cr\u00e9\u00e9 en 2002, KYU est un cabinet ind\u00e9pendant d\u00e9tenu par ses associ\u00e9s. Venez d\u00e9couvrir la philosophie de la soci\u00e9t\u00e9. Contactez-nous !\" \/>\n<meta property=\"og:url\" content=\"https:\/\/www.kyu.fr\/en\/our-philosophy\/\" \/>\n<meta property=\"og:site_name\" content=\"Kyu\" \/>\n<meta property=\"article:modified_time\" content=\"2026-01-23T15:28:30+00:00\" \/>\n<meta name=\"twitter:card\" content=\"summary_large_image\" \/>\n<script type=\"application\/ld+json\" class=\"yoast-schema-graph\">{\"@context\":\"https:\/\/schema.org\",\"@graph\":[{\"@type\":\"WebPage\",\"@id\":\"https:\/\/www.kyu.fr\/en\/our-philosophy\/\",\"url\":\"https:\/\/www.kyu.fr\/en\/our-philosophy\/\",\"name\":\"Nos valeurs | KYU Associ\u00e9s\",\"isPartOf\":{\"@id\":\"https:\/\/www.kyu.fr\/en\/#website\"},\"datePublished\":\"2021-02-12T13:42:22+00:00\",\"dateModified\":\"2026-01-23T15:28:30+00:00\",\"description\":\"Cr\u00e9\u00e9 en 2002, KYU est un cabinet ind\u00e9pendant d\u00e9tenu par ses associ\u00e9s. Venez d\u00e9couvrir la philosophie de la soci\u00e9t\u00e9. Contactez-nous !\",\"breadcrumb\":{\"@id\":\"https:\/\/www.kyu.fr\/en\/our-philosophy\/#breadcrumb\"},\"inLanguage\":\"en-US\",\"potentialAction\":[{\"@type\":\"ReadAction\",\"target\":[\"https:\/\/www.kyu.fr\/en\/our-philosophy\/\"]}]},{\"@type\":\"BreadcrumbList\",\"@id\":\"https:\/\/www.kyu.fr\/en\/our-philosophy\/#breadcrumb\",\"itemListElement\":[{\"@type\":\"ListItem\",\"position\":1,\"name\":\"Home\",\"item\":\"https:\/\/www.kyu.fr\/en\/\"},{\"@type\":\"ListItem\",\"position\":2,\"name\":\"Our philosophy\"}]},{\"@type\":\"WebSite\",\"@id\":\"https:\/\/www.kyu.fr\/en\/#website\",\"url\":\"https:\/\/www.kyu.fr\/en\/\",\"name\":\"Kyu\",\"description\":\"\",\"publisher\":{\"@id\":\"https:\/\/www.kyu.fr\/en\/#organization\"},\"inLanguage\":\"en-US\"},{\"@type\":\"Organization\",\"@id\":\"https:\/\/www.kyu.fr\/en\/#organization\",\"name\":\"Kyu\",\"url\":\"https:\/\/www.kyu.fr\/en\/\",\"logo\":{\"@type\":\"ImageObject\",\"inLanguage\":\"en-US\",\"@id\":\"https:\/\/www.kyu.fr\/en\/#\/schema\/logo\/image\/\",\"url\":\"https:\/\/www.kyu.fr\/app\/uploads\/2021\/03\/logo-kyu-dark.png\",\"contentUrl\":\"https:\/\/www.kyu.fr\/app\/uploads\/2021\/03\/logo-kyu-dark.png\",\"width\":339,\"height\":132,\"caption\":\"Kyu\"},\"image\":{\"@id\":\"https:\/\/www.kyu.fr\/en\/#\/schema\/logo\/image\/\"}}]}<\/script>\n<!-- \/ Yoast SEO plugin. -->","yoast_head_json":{"title":"Nos valeurs | KYU Associ\u00e9s","description":"Cr\u00e9\u00e9 en 2002, KYU est un cabinet ind\u00e9pendant d\u00e9tenu par ses associ\u00e9s. Venez d\u00e9couvrir la philosophie de la soci\u00e9t\u00e9. Contactez-nous !","robots":{"index":"index","follow":"follow","max-snippet":"max-snippet:-1","max-image-preview":"max-image-preview:large","max-video-preview":"max-video-preview:-1"},"canonical":"https:\/\/www.kyu.fr\/en\/our-philosophy\/","og_locale":"en_US","og_type":"article","og_title":"Nos valeurs | KYU Associ\u00e9s","og_description":"Cr\u00e9\u00e9 en 2002, KYU est un cabinet ind\u00e9pendant d\u00e9tenu par ses associ\u00e9s. Venez d\u00e9couvrir la philosophie de la soci\u00e9t\u00e9. Contactez-nous !","og_url":"https:\/\/www.kyu.fr\/en\/our-philosophy\/","og_site_name":"Kyu","article_modified_time":"2026-01-23T15:28:30+00:00","twitter_card":"summary_large_image","schema":{"@context":"https:\/\/schema.org","@graph":[{"@type":"WebPage","@id":"https:\/\/www.kyu.fr\/en\/our-philosophy\/","url":"https:\/\/www.kyu.fr\/en\/our-philosophy\/","name":"Nos valeurs | KYU Associ\u00e9s","isPartOf":{"@id":"https:\/\/www.kyu.fr\/en\/#website"},"datePublished":"2021-02-12T13:42:22+00:00","dateModified":"2026-01-23T15:28:30+00:00","description":"Cr\u00e9\u00e9 en 2002, KYU est un cabinet ind\u00e9pendant d\u00e9tenu par ses associ\u00e9s. Venez d\u00e9couvrir la philosophie de la soci\u00e9t\u00e9. Contactez-nous !","breadcrumb":{"@id":"https:\/\/www.kyu.fr\/en\/our-philosophy\/#breadcrumb"},"inLanguage":"en-US","potentialAction":[{"@type":"ReadAction","target":["https:\/\/www.kyu.fr\/en\/our-philosophy\/"]}]},{"@type":"BreadcrumbList","@id":"https:\/\/www.kyu.fr\/en\/our-philosophy\/#breadcrumb","itemListElement":[{"@type":"ListItem","position":1,"name":"Home","item":"https:\/\/www.kyu.fr\/en\/"},{"@type":"ListItem","position":2,"name":"Our philosophy"}]},{"@type":"WebSite","@id":"https:\/\/www.kyu.fr\/en\/#website","url":"https:\/\/www.kyu.fr\/en\/","name":"Kyu","description":"","publisher":{"@id":"https:\/\/www.kyu.fr\/en\/#organization"},"inLanguage":"en-US"},{"@type":"Organization","@id":"https:\/\/www.kyu.fr\/en\/#organization","name":"Kyu","url":"https:\/\/www.kyu.fr\/en\/","logo":{"@type":"ImageObject","inLanguage":"en-US","@id":"https:\/\/www.kyu.fr\/en\/#\/schema\/logo\/image\/","url":"https:\/\/www.kyu.fr\/app\/uploads\/2021\/03\/logo-kyu-dark.png","contentUrl":"https:\/\/www.kyu.fr\/app\/uploads\/2021\/03\/logo-kyu-dark.png","width":339,"height":132,"caption":"Kyu"},"image":{"@id":"https:\/\/www.kyu.fr\/en\/#\/schema\/logo\/image\/"}}]}},"_links":{"self":[{"href":"https:\/\/www.kyu.fr\/en\/wp-json\/wp\/v2\/pages\/350","targetHints":{"allow":["GET"]}}],"collection":[{"href":"https:\/\/www.kyu.fr\/en\/wp-json\/wp\/v2\/pages"}],"about":[{"href":"https:\/\/www.kyu.fr\/en\/wp-json\/wp\/v2\/types\/page"}],"author":[{"embeddable":true,"href":"https:\/\/www.kyu.fr\/en\/wp-json\/wp\/v2\/users\/14"}],"replies":[{"embeddable":true,"href":"https:\/\/www.kyu.fr\/en\/wp-json\/wp\/v2\/comments?post=350"}],"version-history":[{"count":6,"href":"https:\/\/www.kyu.fr\/en\/wp-json\/wp\/v2\/pages\/350\/revisions"}],"predecessor-version":[{"id":7820,"href":"https:\/\/www.kyu.fr\/en\/wp-json\/wp\/v2\/pages\/350\/revisions\/7820"}],"wp:attachment":[{"href":"https:\/\/www.kyu.fr\/en\/wp-json\/wp\/v2\/media?parent=350"}],"curies":[{"name":"wp","href":"https:\/\/api.w.org\/{rel}","templated":true}]}}