{"id":5574,"date":"2024-03-22T15:36:13","date_gmt":"2024-03-22T14:36:13","guid":{"rendered":"https:\/\/www.kyu.fr\/?page_id=5574"},"modified":"2024-05-14T11:43:26","modified_gmt":"2024-05-14T09:43:26","slug":"consultant-portraits","status":"publish","type":"page","link":"https:\/\/www.kyu.fr\/en\/consultant-portraits\/","title":{"rendered":"Consultant portraits"},"content":{"rendered":"","protected":false},"excerpt":{"rendered":"","protected":false},"author":5,"featured_media":0,"parent":0,"menu_order":0,"comment_status":"closed","ping_status":"closed","template":"views\/template-about-kyu.blade.php","meta":{"_acf_changed":false,"footnotes":""},"class_list":["post-5574","page","type-page","status-publish","hentry"],"acf":[],"yoast_head":"<!-- This site is optimized with the Yoast SEO plugin v27.2 - https:\/\/yoast.com\/product\/yoast-seo-wordpress\/ -->\n<title>La Vie de KYU, Cabinet de Conseil et Audit<\/title>\n<meta name=\"description\" content=\"Kyu met tout en \u0153uvre pour le bien-\u00eatre des consultants : proximit\u00e9, convivialit\u00e9, bureaux au top, tout est fait pour que chez Kyu, on soit bien. Contactez-nous !\" \/>\n<meta name=\"robots\" content=\"index, follow, max-snippet:-1, max-image-preview:large, max-video-preview:-1\" \/>\n<link rel=\"canonical\" href=\"https:\/\/www.kyu.fr\/en\/consultant-portraits\/\" \/>\n<meta property=\"og:locale\" content=\"en_US\" \/>\n<meta property=\"og:type\" content=\"article\" \/>\n<meta property=\"og:title\" content=\"La Vie de KYU, Cabinet de Conseil et Audit\" \/>\n<meta property=\"og:description\" content=\"Kyu met tout en \u0153uvre pour le bien-\u00eatre des consultants : proximit\u00e9, convivialit\u00e9, bureaux au top, tout est fait pour que chez Kyu, on soit bien. Contactez-nous !\" \/>\n<meta property=\"og:url\" content=\"https:\/\/www.kyu.fr\/en\/consultant-portraits\/\" \/>\n<meta property=\"og:site_name\" content=\"Kyu\" \/>\n<meta property=\"article:modified_time\" content=\"2024-05-14T09:43:26+00:00\" \/>\n<meta name=\"twitter:card\" content=\"summary_large_image\" \/>\n<script type=\"application\/ld+json\" class=\"yoast-schema-graph\">{\"@context\":\"https:\/\/schema.org\",\"@graph\":[{\"@type\":\"WebPage\",\"@id\":\"https:\/\/www.kyu.fr\/en\/consultant-portraits\/\",\"url\":\"https:\/\/www.kyu.fr\/en\/consultant-portraits\/\",\"name\":\"La Vie de KYU, Cabinet de Conseil et Audit\",\"isPartOf\":{\"@id\":\"https:\/\/www.kyu.fr\/en\/#website\"},\"datePublished\":\"2024-03-22T14:36:13+00:00\",\"dateModified\":\"2024-05-14T09:43:26+00:00\",\"description\":\"Kyu met tout en \u0153uvre pour le bien-\u00eatre des consultants : proximit\u00e9, convivialit\u00e9, bureaux au top, tout est fait pour que chez Kyu, on soit bien. Contactez-nous !\",\"breadcrumb\":{\"@id\":\"https:\/\/www.kyu.fr\/en\/consultant-portraits\/#breadcrumb\"},\"inLanguage\":\"en-US\",\"potentialAction\":[{\"@type\":\"ReadAction\",\"target\":[\"https:\/\/www.kyu.fr\/en\/consultant-portraits\/\"]}]},{\"@type\":\"BreadcrumbList\",\"@id\":\"https:\/\/www.kyu.fr\/en\/consultant-portraits\/#breadcrumb\",\"itemListElement\":[{\"@type\":\"ListItem\",\"position\":1,\"name\":\"Home\",\"item\":\"https:\/\/www.kyu.fr\/en\/\"},{\"@type\":\"ListItem\",\"position\":2,\"name\":\"Consultant portraits\"}]},{\"@type\":\"WebSite\",\"@id\":\"https:\/\/www.kyu.fr\/en\/#website\",\"url\":\"https:\/\/www.kyu.fr\/en\/\",\"name\":\"Kyu\",\"description\":\"\",\"publisher\":{\"@id\":\"https:\/\/www.kyu.fr\/en\/#organization\"},\"inLanguage\":\"en-US\"},{\"@type\":\"Organization\",\"@id\":\"https:\/\/www.kyu.fr\/en\/#organization\",\"name\":\"Kyu\",\"url\":\"https:\/\/www.kyu.fr\/en\/\",\"logo\":{\"@type\":\"ImageObject\",\"inLanguage\":\"en-US\",\"@id\":\"https:\/\/www.kyu.fr\/en\/#\/schema\/logo\/image\/\",\"url\":\"https:\/\/www.kyu.fr\/app\/uploads\/2021\/03\/logo-kyu-dark.png\",\"contentUrl\":\"https:\/\/www.kyu.fr\/app\/uploads\/2021\/03\/logo-kyu-dark.png\",\"width\":339,\"height\":132,\"caption\":\"Kyu\"},\"image\":{\"@id\":\"https:\/\/www.kyu.fr\/en\/#\/schema\/logo\/image\/\"}}]}<\/script>\n<!-- \/ Yoast SEO plugin. -->","yoast_head_json":{"title":"La Vie de KYU, Cabinet de Conseil et Audit","description":"Kyu met tout en \u0153uvre pour le bien-\u00eatre des consultants : proximit\u00e9, convivialit\u00e9, bureaux au top, tout est fait pour que chez Kyu, on soit bien. Contactez-nous !","robots":{"index":"index","follow":"follow","max-snippet":"max-snippet:-1","max-image-preview":"max-image-preview:large","max-video-preview":"max-video-preview:-1"},"canonical":"https:\/\/www.kyu.fr\/en\/consultant-portraits\/","og_locale":"en_US","og_type":"article","og_title":"La Vie de KYU, Cabinet de Conseil et Audit","og_description":"Kyu met tout en \u0153uvre pour le bien-\u00eatre des consultants : proximit\u00e9, convivialit\u00e9, bureaux au top, tout est fait pour que chez Kyu, on soit bien. Contactez-nous !","og_url":"https:\/\/www.kyu.fr\/en\/consultant-portraits\/","og_site_name":"Kyu","article_modified_time":"2024-05-14T09:43:26+00:00","twitter_card":"summary_large_image","schema":{"@context":"https:\/\/schema.org","@graph":[{"@type":"WebPage","@id":"https:\/\/www.kyu.fr\/en\/consultant-portraits\/","url":"https:\/\/www.kyu.fr\/en\/consultant-portraits\/","name":"La Vie de KYU, Cabinet de Conseil et Audit","isPartOf":{"@id":"https:\/\/www.kyu.fr\/en\/#website"},"datePublished":"2024-03-22T14:36:13+00:00","dateModified":"2024-05-14T09:43:26+00:00","description":"Kyu met tout en \u0153uvre pour le bien-\u00eatre des consultants : proximit\u00e9, convivialit\u00e9, bureaux au top, tout est fait pour que chez Kyu, on soit bien. Contactez-nous !","breadcrumb":{"@id":"https:\/\/www.kyu.fr\/en\/consultant-portraits\/#breadcrumb"},"inLanguage":"en-US","potentialAction":[{"@type":"ReadAction","target":["https:\/\/www.kyu.fr\/en\/consultant-portraits\/"]}]},{"@type":"BreadcrumbList","@id":"https:\/\/www.kyu.fr\/en\/consultant-portraits\/#breadcrumb","itemListElement":[{"@type":"ListItem","position":1,"name":"Home","item":"https:\/\/www.kyu.fr\/en\/"},{"@type":"ListItem","position":2,"name":"Consultant portraits"}]},{"@type":"WebSite","@id":"https:\/\/www.kyu.fr\/en\/#website","url":"https:\/\/www.kyu.fr\/en\/","name":"Kyu","description":"","publisher":{"@id":"https:\/\/www.kyu.fr\/en\/#organization"},"inLanguage":"en-US"},{"@type":"Organization","@id":"https:\/\/www.kyu.fr\/en\/#organization","name":"Kyu","url":"https:\/\/www.kyu.fr\/en\/","logo":{"@type":"ImageObject","inLanguage":"en-US","@id":"https:\/\/www.kyu.fr\/en\/#\/schema\/logo\/image\/","url":"https:\/\/www.kyu.fr\/app\/uploads\/2021\/03\/logo-kyu-dark.png","contentUrl":"https:\/\/www.kyu.fr\/app\/uploads\/2021\/03\/logo-kyu-dark.png","width":339,"height":132,"caption":"Kyu"},"image":{"@id":"https:\/\/www.kyu.fr\/en\/#\/schema\/logo\/image\/"}}]}},"_links":{"self":[{"href":"https:\/\/www.kyu.fr\/en\/wp-json\/wp\/v2\/pages\/5574","targetHints":{"allow":["GET"]}}],"collection":[{"href":"https:\/\/www.kyu.fr\/en\/wp-json\/wp\/v2\/pages"}],"about":[{"href":"https:\/\/www.kyu.fr\/en\/wp-json\/wp\/v2\/types\/page"}],"author":[{"embeddable":true,"href":"https:\/\/www.kyu.fr\/en\/wp-json\/wp\/v2\/users\/5"}],"replies":[{"embeddable":true,"href":"https:\/\/www.kyu.fr\/en\/wp-json\/wp\/v2\/comments?post=5574"}],"version-history":[{"count":4,"href":"https:\/\/www.kyu.fr\/en\/wp-json\/wp\/v2\/pages\/5574\/revisions"}],"predecessor-version":[{"id":5957,"href":"https:\/\/www.kyu.fr\/en\/wp-json\/wp\/v2\/pages\/5574\/revisions\/5957"}],"wp:attachment":[{"href":"https:\/\/www.kyu.fr\/en\/wp-json\/wp\/v2\/media?parent=5574"}],"curies":[{"name":"wp","href":"https:\/\/api.w.org\/{rel}","templated":true}]}}